{"id":2,"date":"2022-03-15T19:27:12","date_gmt":"2022-03-15T19:27:12","guid":{"rendered":"https:\/\/www.manentia.eu\/?page_id=2"},"modified":"2022-03-16T01:03:02","modified_gmt":"2022-03-16T00:03:02","slug":"sample-page","status":"publish","type":"page","link":"https:\/\/www.manentia.eu\/?page_id=2","title":{"rendered":"Podatki"},"content":{"rendered":"\n<p>Svetovanje in storitve David Bati\u010d s.p., Legen 59 C, 2383 \u0160martno pri Slovenj Gradcu:<\/p>\n\n\n\n<p>Dav\u010dna \u0161tevilka 20589662:<\/p>\n\n\n\n<p>Kontakt info@manentia.eu +386 41 793 318:<\/p>\n","protected":false},"excerpt":{"rendered":"<p>Svetovanje in storitve David Bati\u010d s.p., Legen 59 C, 2383 \u0160martno pri Slovenj Gradcu: Dav\u010dna \u0161tevilka 20589662: Kontakt info@manentia.eu +386 41 793 318:<\/p>\n","protected":false},"author":1,"featured_media":0,"parent":0,"menu_order":0,"comment_status":"closed","ping_status":"open","template":"","meta":{"footnotes":""},"class_list":["post-2","page","type-page","status-publish","hentry"],"_links":{"self":[{"href":"https:\/\/www.manentia.eu\/index.php?rest_route=\/wp\/v2\/pages\/2","targetHints":{"allow":["GET"]}}],"collection":[{"href":"https:\/\/www.manentia.eu\/index.php?rest_route=\/wp\/v2\/pages"}],"about":[{"href":"https:\/\/www.manentia.eu\/index.php?rest_route=\/wp\/v2\/types\/page"}],"author":[{"embeddable":true,"href":"https:\/\/www.manentia.eu\/index.php?rest_route=\/wp\/v2\/users\/1"}],"replies":[{"embeddable":true,"href":"https:\/\/www.manentia.eu\/index.php?rest_route=%2Fwp%2Fv2%2Fcomments&post=2"}],"version-history":[{"count":3,"href":"https:\/\/www.manentia.eu\/index.php?rest_route=\/wp\/v2\/pages\/2\/revisions"}],"predecessor-version":[{"id":31,"href":"https:\/\/www.manentia.eu\/index.php?rest_route=\/wp\/v2\/pages\/2\/revisions\/31"}],"wp:attachment":[{"href":"https:\/\/www.manentia.eu\/index.php?rest_route=%2Fwp%2Fv2%2Fmedia&parent=2"}],"curies":[{"name":"wp","href":"https:\/\/api.w.org\/{rel}","templated":true}]}}